{"id":214,"date":"2016-05-26T15:30:19","date_gmt":"2016-05-26T13:30:19","guid":{"rendered":"https:\/\/www.bits.no\/?page_id=214"},"modified":"2017-08-14T10:39:51","modified_gmt":"2017-08-14T08:39:51","slug":"internasjonal-betalingsformidling","status":"publish","type":"page","link":"https:\/\/www.bits.no\/en\/fagomrader\/internasjonal-standardisering\/internasjonal-betalingsformidling\/","title":{"rendered":"Fagr\u00e5d internasjonale rammevilk\u00e5r"},"content":{"rendered":"<p>Fagr\u00e5d internasjonale rammevilk\u00e5r skal bidra til at relevant internasjonal regelverksutvikling og n\u00e6ringsmessig samarbeid blir vurdert og hensiktsmessig fulgt opp i relevant fagr\u00e5d i bits, annet egnet nasjonalt fora, eventuelt i internasjonale fora der n\u00e6ringen er representert. <\/p>\n<p>Relevante saker i andre fagr\u00e5d vil kunne bringes inn til Fagr\u00e5d internasjonale rammevilk\u00e5r.<\/p>\n","protected":false},"excerpt":{"rendered":"<p>Fagr\u00e5d internasjonale rammevilk\u00e5r skal bidra til at relevant internasjonal regelverksutvikling og n\u00e6ringsmessig samarbeid blir vurdert og hensiktsmessig fulgt opp i relevant fagr\u00e5d i bits, annet egnet nasjonalt fora, eventuelt i internasjonale fora der n\u00e6ringen er representert. Relevante saker i andre fagr\u00e5d vil kunne bringes inn til Fagr\u00e5d internasjonale rammevilk\u00e5r.<\/p>\n","protected":false},"author":0,"featured_media":0,"parent":198,"menu_order":0,"comment_status":"closed","ping_status":"closed","template":"page-faggruppe.php","meta":{"_acf_changed":false,"_monsterinsights_skip_tracking":false,"_monsterinsights_sitenote_active":false,"_monsterinsights_sitenote_note":"","_monsterinsights_sitenote_category":0,"footnotes":""},"class_list":["post-214","page","type-page","status-publish","hentry"],"acf":[],"yoast_head":"<!-- This site is optimized with the Yoast SEO plugin v27.3 - https:\/\/yoast.com\/product\/yoast-seo-wordpress\/ -->\n<title>Fagr\u00e5d internasjonale rammevilk\u00e5r - Bits AS<\/title>\n<meta name=\"robots\" content=\"index, follow, max-snippet:-1, max-image-preview:large, max-video-preview:-1\" \/>\n<link rel=\"canonical\" href=\"https:\/\/www.bits.no\/en\/fagomrader\/internasjonal-standardisering\/internasjonal-betalingsformidling\/\" \/>\n<meta property=\"og:locale\" content=\"en_US\" \/>\n<meta property=\"og:type\" content=\"article\" \/>\n<meta property=\"og:title\" content=\"Fagr\u00e5d internasjonale rammevilk\u00e5r - Bits AS\" \/>\n<meta property=\"og:description\" content=\"Fagr\u00e5d internasjonale rammevilk\u00e5r skal bidra til at relevant internasjonal regelverksutvikling og n\u00e6ringsmessig samarbeid blir vurdert og hensiktsmessig fulgt opp i relevant fagr\u00e5d i bits, annet egnet nasjonalt fora, eventuelt i internasjonale fora der n\u00e6ringen er representert. Relevante saker i andre fagr\u00e5d vil kunne bringes inn til Fagr\u00e5d internasjonale rammevilk\u00e5r.\" \/>\n<meta property=\"og:url\" content=\"https:\/\/www.bits.no\/en\/fagomrader\/internasjonal-standardisering\/internasjonal-betalingsformidling\/\" \/>\n<meta property=\"og:site_name\" content=\"Bits AS\" \/>\n<meta property=\"article:modified_time\" content=\"2017-08-14T08:39:51+00:00\" \/>\n<meta name=\"twitter:card\" content=\"summary_large_image\" \/>\n<script type=\"application\/ld+json\" class=\"yoast-schema-graph\">{\"@context\":\"https:\\\/\\\/schema.org\",\"@graph\":[{\"@type\":\"WebPage\",\"@id\":\"https:\\\/\\\/www.bits.no\\\/en\\\/fagomrader\\\/internasjonal-standardisering\\\/internasjonal-betalingsformidling\\\/\",\"url\":\"https:\\\/\\\/www.bits.no\\\/en\\\/fagomrader\\\/internasjonal-standardisering\\\/internasjonal-betalingsformidling\\\/\",\"name\":\"Fagr\u00e5d internasjonale rammevilk\u00e5r - Bits AS\",\"isPartOf\":{\"@id\":\"https:\\\/\\\/www.bits.no\\\/#website\"},\"datePublished\":\"2016-05-26T13:30:19+00:00\",\"dateModified\":\"2017-08-14T08:39:51+00:00\",\"breadcrumb\":{\"@id\":\"https:\\\/\\\/www.bits.no\\\/en\\\/fagomrader\\\/internasjonal-standardisering\\\/internasjonal-betalingsformidling\\\/#breadcrumb\"},\"inLanguage\":\"en-US\",\"potentialAction\":[{\"@type\":\"ReadAction\",\"target\":[\"https:\\\/\\\/www.bits.no\\\/en\\\/fagomrader\\\/internasjonal-standardisering\\\/internasjonal-betalingsformidling\\\/\"]}]},{\"@type\":\"BreadcrumbList\",\"@id\":\"https:\\\/\\\/www.bits.no\\\/en\\\/fagomrader\\\/internasjonal-standardisering\\\/internasjonal-betalingsformidling\\\/#breadcrumb\",\"itemListElement\":[{\"@type\":\"ListItem\",\"position\":1,\"name\":\"Hjem\",\"item\":\"https:\\\/\\\/www.bits.no\\\/en\\\/\"},{\"@type\":\"ListItem\",\"position\":2,\"name\":\"Subject areas\",\"item\":\"https:\\\/\\\/www.bits.no\\\/en\\\/fagomrader\\\/\"},{\"@type\":\"ListItem\",\"position\":3,\"name\":\"International standardization\",\"item\":\"https:\\\/\\\/www.bits.no\\\/en\\\/fagomrader\\\/internasjonal-standardisering\\\/\"},{\"@type\":\"ListItem\",\"position\":4,\"name\":\"Fagr\u00e5d internasjonale rammevilk\u00e5r\"}]},{\"@type\":\"WebSite\",\"@id\":\"https:\\\/\\\/www.bits.no\\\/#website\",\"url\":\"https:\\\/\\\/www.bits.no\\\/\",\"name\":\"Bits AS\",\"description\":\"\",\"potentialAction\":[{\"@type\":\"SearchAction\",\"target\":{\"@type\":\"EntryPoint\",\"urlTemplate\":\"https:\\\/\\\/www.bits.no\\\/?s={search_term_string}\"},\"query-input\":{\"@type\":\"PropertyValueSpecification\",\"valueRequired\":true,\"valueName\":\"search_term_string\"}}],\"inLanguage\":\"en-US\"}]}<\/script>\n<!-- \/ Yoast SEO plugin. -->","yoast_head_json":{"title":"Fagr\u00e5d internasjonale rammevilk\u00e5r - Bits AS","robots":{"index":"index","follow":"follow","max-snippet":"max-snippet:-1","max-image-preview":"max-image-preview:large","max-video-preview":"max-video-preview:-1"},"canonical":"https:\/\/www.bits.no\/en\/fagomrader\/internasjonal-standardisering\/internasjonal-betalingsformidling\/","og_locale":"en_US","og_type":"article","og_title":"Fagr\u00e5d internasjonale rammevilk\u00e5r - Bits AS","og_description":"Fagr\u00e5d internasjonale rammevilk\u00e5r skal bidra til at relevant internasjonal regelverksutvikling og n\u00e6ringsmessig samarbeid blir vurdert og hensiktsmessig fulgt opp i relevant fagr\u00e5d i bits, annet egnet nasjonalt fora, eventuelt i internasjonale fora der n\u00e6ringen er representert. Relevante saker i andre fagr\u00e5d vil kunne bringes inn til Fagr\u00e5d internasjonale rammevilk\u00e5r.","og_url":"https:\/\/www.bits.no\/en\/fagomrader\/internasjonal-standardisering\/internasjonal-betalingsformidling\/","og_site_name":"Bits AS","article_modified_time":"2017-08-14T08:39:51+00:00","twitter_card":"summary_large_image","schema":{"@context":"https:\/\/schema.org","@graph":[{"@type":"WebPage","@id":"https:\/\/www.bits.no\/en\/fagomrader\/internasjonal-standardisering\/internasjonal-betalingsformidling\/","url":"https:\/\/www.bits.no\/en\/fagomrader\/internasjonal-standardisering\/internasjonal-betalingsformidling\/","name":"Fagr\u00e5d internasjonale rammevilk\u00e5r - Bits AS","isPartOf":{"@id":"https:\/\/www.bits.no\/#website"},"datePublished":"2016-05-26T13:30:19+00:00","dateModified":"2017-08-14T08:39:51+00:00","breadcrumb":{"@id":"https:\/\/www.bits.no\/en\/fagomrader\/internasjonal-standardisering\/internasjonal-betalingsformidling\/#breadcrumb"},"inLanguage":"en-US","potentialAction":[{"@type":"ReadAction","target":["https:\/\/www.bits.no\/en\/fagomrader\/internasjonal-standardisering\/internasjonal-betalingsformidling\/"]}]},{"@type":"BreadcrumbList","@id":"https:\/\/www.bits.no\/en\/fagomrader\/internasjonal-standardisering\/internasjonal-betalingsformidling\/#breadcrumb","itemListElement":[{"@type":"ListItem","position":1,"name":"Hjem","item":"https:\/\/www.bits.no\/en\/"},{"@type":"ListItem","position":2,"name":"Subject areas","item":"https:\/\/www.bits.no\/en\/fagomrader\/"},{"@type":"ListItem","position":3,"name":"International standardization","item":"https:\/\/www.bits.no\/en\/fagomrader\/internasjonal-standardisering\/"},{"@type":"ListItem","position":4,"name":"Fagr\u00e5d internasjonale rammevilk\u00e5r"}]},{"@type":"WebSite","@id":"https:\/\/www.bits.no\/#website","url":"https:\/\/www.bits.no\/","name":"Bits AS","description":"","potentialAction":[{"@type":"SearchAction","target":{"@type":"EntryPoint","urlTemplate":"https:\/\/www.bits.no\/?s={search_term_string}"},"query-input":{"@type":"PropertyValueSpecification","valueRequired":true,"valueName":"search_term_string"}}],"inLanguage":"en-US"}]}},"_links":{"self":[{"href":"https:\/\/www.bits.no\/en\/wp-json\/wp\/v2\/pages\/214","targetHints":{"allow":["GET"]}}],"collection":[{"href":"https:\/\/www.bits.no\/en\/wp-json\/wp\/v2\/pages"}],"about":[{"href":"https:\/\/www.bits.no\/en\/wp-json\/wp\/v2\/types\/page"}],"replies":[{"embeddable":true,"href":"https:\/\/www.bits.no\/en\/wp-json\/wp\/v2\/comments?post=214"}],"version-history":[{"count":0,"href":"https:\/\/www.bits.no\/en\/wp-json\/wp\/v2\/pages\/214\/revisions"}],"up":[{"embeddable":true,"href":"https:\/\/www.bits.no\/en\/wp-json\/wp\/v2\/pages\/198"}],"wp:attachment":[{"href":"https:\/\/www.bits.no\/en\/wp-json\/wp\/v2\/media?parent=214"}],"curies":[{"name":"wp","href":"https:\/\/api.w.org\/{rel}","templated":true}]}}