{"id":1329,"date":"2017-08-14T10:35:04","date_gmt":"2017-08-14T08:35:04","guid":{"rendered":"https:\/\/www.bits.no\/?page_id=1329\/"},"modified":"2017-08-14T10:35:04","modified_gmt":"2017-08-14T08:35:04","slug":"fagrad-juridisk","status":"publish","type":"page","link":"https:\/\/www.bits.no\/en\/fagomrader\/felles-avtaler-regler-og-krav\/fagrad-juridisk\/","title":{"rendered":"Fagr\u00e5d juridisk"},"content":{"rendered":"<p>Fagr\u00e5det skal gi juridisk st\u00f8tte og bist\u00e5 administrasjonen med faglige r\u00e5d og innspill slik at Bits\u2019 leveranser til deltagerne blir rettslig sett korrekt. Innenfor disse rammer skal leveransene samsvare med deltagernes behov p\u00e5 omr\u00e5dene betaling, betalingsinfrastruktur samt digitalisering. Fagr\u00e5d juridisk skal ogs\u00e5 v\u00e6re en arena for juridiske diskusjoner og kompetansedeling. Fagr\u00e5det forventes \u00e5 bist\u00e5 \u00f8vrige fagr\u00e5d i juridiske saker.<\/p>\n","protected":false},"excerpt":{"rendered":"<p>Fagr\u00e5det skal gi juridisk st\u00f8tte og bist\u00e5 administrasjonen med faglige r\u00e5d og innspill slik at Bits\u2019 leveranser til deltagerne blir rettslig sett korrekt. Innenfor disse rammer skal leveransene samsvare med deltagernes behov p\u00e5 omr\u00e5dene betaling, betalingsinfrastruktur samt digitalisering. Fagr\u00e5d juridisk skal ogs\u00e5 v\u00e6re en arena for juridiske diskusjoner og kompetansedeling. Fagr\u00e5det forventes \u00e5 bist\u00e5 \u00f8vrige&#8230;  <a class=\"excerpt-read-more\" href=\"https:\/\/www.bits.no\/en\/fagomrader\/felles-avtaler-regler-og-krav\/fagrad-juridisk\/\" title=\"Read Fagr\u00e5d juridisk\">Read more &raquo;<\/a><\/p>\n","protected":false},"author":8,"featured_media":0,"parent":230,"menu_order":0,"comment_status":"closed","ping_status":"closed","template":"page-faggruppe.php","meta":{"_acf_changed":false,"_monsterinsights_skip_tracking":false,"_monsterinsights_sitenote_active":false,"_monsterinsights_sitenote_note":"","_monsterinsights_sitenote_category":0,"footnotes":""},"class_list":["post-1329","page","type-page","status-publish","hentry"],"acf":[],"yoast_head":"<!-- This site is optimized with the Yoast SEO plugin v27.3 - https:\/\/yoast.com\/product\/yoast-seo-wordpress\/ -->\n<title>Fagr\u00e5d juridisk - Bits AS<\/title>\n<meta name=\"robots\" content=\"index, follow, max-snippet:-1, max-image-preview:large, max-video-preview:-1\" \/>\n<link rel=\"canonical\" href=\"https:\/\/www.bits.no\/en\/fagomrader\/felles-avtaler-regler-og-krav\/fagrad-juridisk\/\" \/>\n<meta property=\"og:locale\" content=\"en_US\" \/>\n<meta property=\"og:type\" content=\"article\" \/>\n<meta property=\"og:title\" content=\"Fagr\u00e5d juridisk - Bits AS\" \/>\n<meta property=\"og:description\" content=\"Fagr\u00e5det skal gi juridisk st\u00f8tte og bist\u00e5 administrasjonen med faglige r\u00e5d og innspill slik at Bits\u2019 leveranser til deltagerne blir rettslig sett korrekt. Innenfor disse rammer skal leveransene samsvare med deltagernes behov p\u00e5 omr\u00e5dene betaling, betalingsinfrastruktur samt digitalisering. Fagr\u00e5d juridisk skal ogs\u00e5 v\u00e6re en arena for juridiske diskusjoner og kompetansedeling. Fagr\u00e5det forventes \u00e5 bist\u00e5 \u00f8vrige... Read more &raquo;\" \/>\n<meta property=\"og:url\" content=\"https:\/\/www.bits.no\/en\/fagomrader\/felles-avtaler-regler-og-krav\/fagrad-juridisk\/\" \/>\n<meta property=\"og:site_name\" content=\"Bits AS\" \/>\n<meta name=\"twitter:card\" content=\"summary_large_image\" \/>\n<script type=\"application\/ld+json\" class=\"yoast-schema-graph\">{\"@context\":\"https:\\\/\\\/schema.org\",\"@graph\":[{\"@type\":\"WebPage\",\"@id\":\"https:\\\/\\\/www.bits.no\\\/en\\\/fagomrader\\\/felles-avtaler-regler-og-krav\\\/fagrad-juridisk\\\/\",\"url\":\"https:\\\/\\\/www.bits.no\\\/en\\\/fagomrader\\\/felles-avtaler-regler-og-krav\\\/fagrad-juridisk\\\/\",\"name\":\"Fagr\u00e5d juridisk - Bits AS\",\"isPartOf\":{\"@id\":\"https:\\\/\\\/www.bits.no\\\/#website\"},\"datePublished\":\"2017-08-14T08:35:04+00:00\",\"breadcrumb\":{\"@id\":\"https:\\\/\\\/www.bits.no\\\/en\\\/fagomrader\\\/felles-avtaler-regler-og-krav\\\/fagrad-juridisk\\\/#breadcrumb\"},\"inLanguage\":\"en-US\",\"potentialAction\":[{\"@type\":\"ReadAction\",\"target\":[\"https:\\\/\\\/www.bits.no\\\/en\\\/fagomrader\\\/felles-avtaler-regler-og-krav\\\/fagrad-juridisk\\\/\"]}]},{\"@type\":\"BreadcrumbList\",\"@id\":\"https:\\\/\\\/www.bits.no\\\/en\\\/fagomrader\\\/felles-avtaler-regler-og-krav\\\/fagrad-juridisk\\\/#breadcrumb\",\"itemListElement\":[{\"@type\":\"ListItem\",\"position\":1,\"name\":\"Hjem\",\"item\":\"https:\\\/\\\/www.bits.no\\\/en\\\/\"},{\"@type\":\"ListItem\",\"position\":2,\"name\":\"Subject areas\",\"item\":\"https:\\\/\\\/www.bits.no\\\/en\\\/fagomrader\\\/\"},{\"@type\":\"ListItem\",\"position\":3,\"name\":\"Common agreements, regulations and requirements\",\"item\":\"https:\\\/\\\/www.bits.no\\\/en\\\/fagomrader\\\/felles-avtaler-regler-og-krav\\\/\"},{\"@type\":\"ListItem\",\"position\":4,\"name\":\"Fagr\u00e5d juridisk\"}]},{\"@type\":\"WebSite\",\"@id\":\"https:\\\/\\\/www.bits.no\\\/#website\",\"url\":\"https:\\\/\\\/www.bits.no\\\/\",\"name\":\"Bits AS\",\"description\":\"\",\"potentialAction\":[{\"@type\":\"SearchAction\",\"target\":{\"@type\":\"EntryPoint\",\"urlTemplate\":\"https:\\\/\\\/www.bits.no\\\/?s={search_term_string}\"},\"query-input\":{\"@type\":\"PropertyValueSpecification\",\"valueRequired\":true,\"valueName\":\"search_term_string\"}}],\"inLanguage\":\"en-US\"}]}<\/script>\n<!-- \/ Yoast SEO plugin. -->","yoast_head_json":{"title":"Fagr\u00e5d juridisk - Bits AS","robots":{"index":"index","follow":"follow","max-snippet":"max-snippet:-1","max-image-preview":"max-image-preview:large","max-video-preview":"max-video-preview:-1"},"canonical":"https:\/\/www.bits.no\/en\/fagomrader\/felles-avtaler-regler-og-krav\/fagrad-juridisk\/","og_locale":"en_US","og_type":"article","og_title":"Fagr\u00e5d juridisk - Bits AS","og_description":"Fagr\u00e5det skal gi juridisk st\u00f8tte og bist\u00e5 administrasjonen med faglige r\u00e5d og innspill slik at Bits\u2019 leveranser til deltagerne blir rettslig sett korrekt. Innenfor disse rammer skal leveransene samsvare med deltagernes behov p\u00e5 omr\u00e5dene betaling, betalingsinfrastruktur samt digitalisering. Fagr\u00e5d juridisk skal ogs\u00e5 v\u00e6re en arena for juridiske diskusjoner og kompetansedeling. Fagr\u00e5det forventes \u00e5 bist\u00e5 \u00f8vrige... Read more &raquo;","og_url":"https:\/\/www.bits.no\/en\/fagomrader\/felles-avtaler-regler-og-krav\/fagrad-juridisk\/","og_site_name":"Bits AS","twitter_card":"summary_large_image","schema":{"@context":"https:\/\/schema.org","@graph":[{"@type":"WebPage","@id":"https:\/\/www.bits.no\/en\/fagomrader\/felles-avtaler-regler-og-krav\/fagrad-juridisk\/","url":"https:\/\/www.bits.no\/en\/fagomrader\/felles-avtaler-regler-og-krav\/fagrad-juridisk\/","name":"Fagr\u00e5d juridisk - Bits AS","isPartOf":{"@id":"https:\/\/www.bits.no\/#website"},"datePublished":"2017-08-14T08:35:04+00:00","breadcrumb":{"@id":"https:\/\/www.bits.no\/en\/fagomrader\/felles-avtaler-regler-og-krav\/fagrad-juridisk\/#breadcrumb"},"inLanguage":"en-US","potentialAction":[{"@type":"ReadAction","target":["https:\/\/www.bits.no\/en\/fagomrader\/felles-avtaler-regler-og-krav\/fagrad-juridisk\/"]}]},{"@type":"BreadcrumbList","@id":"https:\/\/www.bits.no\/en\/fagomrader\/felles-avtaler-regler-og-krav\/fagrad-juridisk\/#breadcrumb","itemListElement":[{"@type":"ListItem","position":1,"name":"Hjem","item":"https:\/\/www.bits.no\/en\/"},{"@type":"ListItem","position":2,"name":"Subject areas","item":"https:\/\/www.bits.no\/en\/fagomrader\/"},{"@type":"ListItem","position":3,"name":"Common agreements, regulations and requirements","item":"https:\/\/www.bits.no\/en\/fagomrader\/felles-avtaler-regler-og-krav\/"},{"@type":"ListItem","position":4,"name":"Fagr\u00e5d juridisk"}]},{"@type":"WebSite","@id":"https:\/\/www.bits.no\/#website","url":"https:\/\/www.bits.no\/","name":"Bits AS","description":"","potentialAction":[{"@type":"SearchAction","target":{"@type":"EntryPoint","urlTemplate":"https:\/\/www.bits.no\/?s={search_term_string}"},"query-input":{"@type":"PropertyValueSpecification","valueRequired":true,"valueName":"search_term_string"}}],"inLanguage":"en-US"}]}},"_links":{"self":[{"href":"https:\/\/www.bits.no\/en\/wp-json\/wp\/v2\/pages\/1329","targetHints":{"allow":["GET"]}}],"collection":[{"href":"https:\/\/www.bits.no\/en\/wp-json\/wp\/v2\/pages"}],"about":[{"href":"https:\/\/www.bits.no\/en\/wp-json\/wp\/v2\/types\/page"}],"author":[{"embeddable":true,"href":"https:\/\/www.bits.no\/en\/wp-json\/wp\/v2\/users\/8"}],"replies":[{"embeddable":true,"href":"https:\/\/www.bits.no\/en\/wp-json\/wp\/v2\/comments?post=1329"}],"version-history":[{"count":0,"href":"https:\/\/www.bits.no\/en\/wp-json\/wp\/v2\/pages\/1329\/revisions"}],"up":[{"embeddable":true,"href":"https:\/\/www.bits.no\/en\/wp-json\/wp\/v2\/pages\/230"}],"wp:attachment":[{"href":"https:\/\/www.bits.no\/en\/wp-json\/wp\/v2\/media?parent=1329"}],"curies":[{"name":"wp","href":"https:\/\/api.w.org\/{rel}","templated":true}]}}